{"id":11533,"date":"2025-07-05T09:36:20","date_gmt":"2025-07-05T06:36:20","guid":{"rendered":"https:\/\/staging.born.ro\/?page_id=11533"},"modified":"2025-07-05T10:10:50","modified_gmt":"2025-07-05T07:10:50","slug":"impressum","status":"publish","type":"page","link":"https:\/\/born.ro\/hornfertigung-seit-1978\/info\/impressum\/","title":{"rendered":"Impressum"},"content":{"rendered":"\n<p><strong>Verantwortlich f\u00fcr den Inhalt:<\/strong><\/p>\n\n\n\n<p>SC Born Propeller SRL<br>Gesch\u00e4ftsf\u00fchrer: Walter Born<\/p>\n\n\n\n<p>Cartier Viisoara 40<br>420006 Bistrita<\/p>\n\n\n\n<p>VAT&nbsp; ID: RO27947635<br>J06\/34\/26.01.2011<\/p>\n\n\n\n<p><br>Telefon:&nbsp;0040 725929988<\/p>\n\n\n\n<p><strong>Haftungshinweis:<\/strong><\/p>\n\n\n\n<p>Trotz sorgf\u00e4ltiger inhaltlicher Kontrolle \u00fcbernehmen wir keine Haftung f\u00fcr die Inhalte externer Links. F\u00fcr den Inhalt der verlinkten Seiten sind ausschlie\u00dflich deren Betreiber verantwortlich.<\/p>\n\n\n\n<p><\/p>\n","protected":false},"excerpt":{"rendered":"<p>Verantwortlich f\u00fcr den Inhalt: SC Born Propeller SRLGesch\u00e4ftsf\u00fchrer: Walter Born Cartier Viisoara 40420006 Bistrita VAT&nbsp; ID: RO27947635J06\/34\/26.01.2011 Telefon:&nbsp;0040 725929988 Haftungshinweis: Trotz sorgf\u00e4ltiger inhaltlicher Kontrolle \u00fcbernehmen wir keine Haftung f\u00fcr die<\/p>\n","protected":false},"author":1,"featured_media":0,"parent":11580,"menu_order":0,"comment_status":"closed","ping_status":"closed","template":"","meta":{"agni_page_title_hide":"","agni_page_title_align":"","agni_page_margin_remove":"","agni_page_bg_color":"","agni_page_bg_gradient":"","agni_page_header_source":"2","agni_page_header_choice":"","agni_footer_block_id":"","agni_page_sidebar_choice":"","agni_slider_id":"","agni_product_layout_choice":"","footnotes":""},"class_list":["post-11533","page","type-page","status-publish","hentry"],"_links":{"self":[{"href":"https:\/\/born.ro\/hornfertigung-seit-1978\/wp-json\/wp\/v2\/pages\/11533","targetHints":{"allow":["GET"]}}],"collection":[{"href":"https:\/\/born.ro\/hornfertigung-seit-1978\/wp-json\/wp\/v2\/pages"}],"about":[{"href":"https:\/\/born.ro\/hornfertigung-seit-1978\/wp-json\/wp\/v2\/types\/page"}],"author":[{"embeddable":true,"href":"https:\/\/born.ro\/hornfertigung-seit-1978\/wp-json\/wp\/v2\/users\/1"}],"replies":[{"embeddable":true,"href":"https:\/\/born.ro\/hornfertigung-seit-1978\/wp-json\/wp\/v2\/comments?post=11533"}],"version-history":[{"count":2,"href":"https:\/\/born.ro\/hornfertigung-seit-1978\/wp-json\/wp\/v2\/pages\/11533\/revisions"}],"predecessor-version":[{"id":11562,"href":"https:\/\/born.ro\/hornfertigung-seit-1978\/wp-json\/wp\/v2\/pages\/11533\/revisions\/11562"}],"up":[{"embeddable":true,"href":"https:\/\/born.ro\/hornfertigung-seit-1978\/wp-json\/wp\/v2\/pages\/11580"}],"wp:attachment":[{"href":"https:\/\/born.ro\/hornfertigung-seit-1978\/wp-json\/wp\/v2\/media?parent=11533"}],"curies":[{"name":"wp","href":"https:\/\/api.w.org\/{rel}","templated":true}]}}