{"id":11535,"date":"2025-07-05T09:11:51","date_gmt":"2025-07-05T06:11:51","guid":{"rendered":"https:\/\/staging.born.ro\/?page_id=11535"},"modified":"2025-09-11T08:02:38","modified_gmt":"2025-09-11T05:02:38","slug":"datenschutz","status":"publish","type":"page","link":"https:\/\/born.ro\/hornfertigung-seit-1978\/info\/datenschutz\/","title":{"rendered":"Datenschutz"},"content":{"rendered":"\n<p>Wir verwenden Ihre Bestandsdaten ausschlie\u00dflich zur Abwicklung Ihrer Bestellung. Unsere Datenschutzpraxis steht im Einklang mit dem Bundesdatenschutzgesetz (BDSG) sowie dem Telemediengesetz (TMG).<br><br>Sie haben jederzeit ein Recht auf kostenlose Auskunft, Berichtigung, Sperrung und L\u00f6schung Ihrer gespeicherten Daten. Bitte wenden Sie sich an uns oder senden Sie uns Ihr Verlangen per Post oder Fax.<br>Wir geben Ihre personenbezogenen Daten einschlie\u00dflich Ihrer Haus-Adresse und E-Mail-Adresse nicht ohne Ihre ausdr\u00fcckliche und jederzeit widerrufliche Einwilligung an Dritte weiter. Ausgenommen hiervon sind unsere Dienstleistungspartner, die zur Bestellabwicklung die \u00dcbermittlung von Daten ben\u00f6tigen (z. B. das mit der Lieferung beauftragte Versandunternehmen und das mit der Zahlungsabwicklung beauftragte Kreditinstitut, in unserem Falle iclear GmbH, Mannheim). In diesen F\u00e4llen beschr\u00e4nkt sich der Umfang der \u00fcbermittelten Daten jedoch nur auf das erforderliche Minimum.<br><br>Wir setzen technische und organisatorische Sicherheitsma\u00dfnahmen ein, um Ihre durch uns verwalteten Daten gegen zuf\u00e4llige oder vors\u00e4tzliche Manipulationen, Verlust, Zerst\u00f6rung oder gegen den Zugriff unberechtigter Personen zu sch\u00fctzen.<br><strong>Ihre Bestelldaten werden per SSL \u00fcbertragen.<\/strong>\u00a0Eingesetztes Verfahren: TLS 1.0, RC4 mit 128 Bit Verschl\u00fcsselung (Hoch); RSA mit 1024 Bit Austausch.<br><br>F\u00fcr die nachfolgend aufgef\u00fchrten Aktivit\u00e4ten ben\u00f6tigen wir aufgrund der o. g. Gesetze zur Speicherung Ihrer personenbezogenen Daten Ihre Zustimmung, um die wir Sie an der entsprechenden Stelle bitten werden. Sollten Sie sich sp\u00e4ter daf\u00fcr entscheiden, die Leistung nicht mehr in Anspruch nehmen zu wollen, k\u00f6nnen Sie die Zustimmung jederzeit durch eine Nachricht an uns widerrufen.<br><br>Wir bieten Ihnen auf diesem Weg folgende Leistungen an:<br><br>&#8211; Zusendung eines Newsletters mit aktuellen Angeboten<br>&#8211; Registrierung als Stammkunde<br>&#8211; Personalisierung unserer Site<br><br><br>Verwendung von Facebook Social Plugins<br><br>Unser Internetauftritt verwendet Social Plugins (\u201cPlugins\u201d) des sozialen Netzwerkes facebook.com, welches von der Facebook Inc., 1601 S. California Ave, Palo Alto, CA 94304, USA betrieben wird (\u201cFacebook\u201d). Die Plugins sind an einem der Facebook Logos erkennbar (wei\u00dfes \u201ef\u201c auf blauer Kachel oder ein \u201eDaumen hoch\u201c-Zeichen) oder sind mit dem Zusatz \u201cFacebook Social Plugin\u201d gekennzeichnet. Die Liste und das Aussehen der Facebook Social Plugins kann hier eingesehen werden:\u00a0<a href=\"http:\/\/www.yatego.com\/outbound\/?cl=outbound&amp;sid=08Y1302772500Y1b8f46f4f68566df43&amp;target=dWdnYzovL3FyaXJ5YmNyZWYuc25wcm9iYngucGJ6L2N5aHR2YWY%3D\" target=\"_blank\" rel=\"noreferrer noopener\">http:\/\/developers.facebook.com\/plugins<\/a>.<br><br>Wenn Sie eine Webseite unseres Internetauftritts aufrufen, die ein solches Plugin enth\u00e4lt, baut Ihr Browser eine direkte Verbindung mit den Servern von Facebook auf. Der Inhalt des Plugins wird von Facebook direkt an Ihren Browser \u00fcbermittelt und von diesem in die Webseite eingebunden. Wir haben daher keinen Einfluss auf den Umfang der Daten, die Facebook mit Hilfe dieses Plugins erhebt und informieren Sie daher entsprechend unserem\u00a0<a href=\"http:\/\/www.yatego.com\/outbound\/?cl=outbound&amp;sid=08Y1302772500Y1b8f46f4f68566df43&amp;target=dWdnYzovL2pqai5zbnByb2JieC5wYnovdXJ5Yy8%2Fc25kPTE3NTEy\" target=\"_blank\" rel=\"noreferrer noopener\">Kenntnisstand<\/a>:<br><br>Durch die Einbindung der Plugins erh\u00e4lt Facebook die Information, dass Sie die entsprechende Seite unseres Internetauftritts aufgerufen haben. Sind Sie bei Facebook eingeloggt, kann Facebook den Besuch Ihrem Facebook-Konto zuordnen. Wenn Sie mit den Plugins interagieren, zum Beispiel den Like Button bet\u00e4tigen oder einen Kommentar abgeben, wird die entsprechende Information von Ihrem Browser direkt an Facebook \u00fcbermittelt und dort gespeichert. Falls Sie kein Mitglied von Facebook sind, besteht trotzdem die M\u00f6glichkeit, dass Facebook Ihre IP-Adresse in Erfahrung bringt und speichert.<br><br>Zweck und Umfang der Datenerhebung und die weitere Verarbeitung und Nutzung der Daten durch Facebook sowie Ihre diesbez\u00fcglichen Rechte und Einstellungsm\u00f6glichkeiten zum Schutz Ihrer Privatssph\u00e4re entnehmen Sie bitte den Datenschutzhinweisen von Facebook:\u00a0<a href=\"http:\/\/www.yatego.com\/outbound\/?cl=outbound&amp;sid=08Y1302772500Y1b8f46f4f68566df43&amp;target=dWdnYzovL2pqai5zbnByb2JieC5wYnovY2J5dnBsLmN1Yw%3D%3D\" target=\"_blank\" rel=\"noreferrer noopener\">http:\/\/www.facebook.com\/policy.php<\/a>.<br><br>Wenn Sie Facebookmitglied sind und nicht m\u00f6chten, dass Facebook \u00fcber unseren Internetauftritt Daten \u00fcber Sie sammelt und mit Ihren bei Facebook gespeicherten Mitgliedsdaten verkn\u00fcpft, m\u00fcssen Sie sich vor Ihrem Besuch unseres Internetauftritts bei Facebook ausloggen.<br><br>Ebenfalls ist es m\u00f6glich Facebook-Social-Plugins mit Add-ons f\u00fcr Ihren Browser zu blocken, zum Beispiel mit dem \u201c<a href=\"http:\/\/www.yatego.com\/outbound\/?cl=outbound&amp;sid=08Y1302772500Y1b8f46f4f68566df43&amp;target=dWdnYzovL2pyb3RlbmN1LnBiei9lcmZiaGVwcmYvc25wcm9iYnhveWJweHJlLw%3D%3D\" target=\"_blank\" rel=\"noreferrer noopener\">Facebook Blocker<\/a>\u201c.<br><br><br>\u201eAddthis\u201c Bookmarking-Dienst<br><br>Diese Website enth\u00e4lt \u201eAddthis\u201c-Plugins, die Ihnen das Setzen von Bookmarks bzw. das gemeinsame Nutzen interessanter Website-Inhalte erm\u00f6glichen. Bei Verwendung von \u201eAddthis\u201c kommt es zum Einsatz der von Cookies. Die dabei erzeugten Daten (wie z.B. Nutzungszeitpunkt oder Browser-Sprache) werden an die Add This LLC in den USA \u00fcbertragen und dort verarbeitet. N\u00e4here Informationen zur Datenverarbeitung durch Add This LLC und dem von der Add This LLC gepflegten Datenschutz finden Sie unter\u00a0<a href=\"http:\/\/www.yatego.com\/outbound\/?cl=outbound&amp;sid=08Y1302772500Y1b8f46f4f68566df43&amp;target=dWdnYzovL2pqai5ucXFndXZmLnBiei9jZXZpbnBs\" target=\"_blank\" rel=\"noreferrer noopener\">www.addthis.com\/privacy<\/a>. Diese Website enth\u00e4lt insbesondere Angaben zur Art der verarbeiteten Daten sowie deren Verwendungszweck. Eine Verarbeitung der betroffenen Daten durch uns findet nicht statt. Mit Nutzung des \u201eAddthis\u201c-Feldes erkl\u00e4ren Sie sich mit der Datenverarbeitung durch Add This LLC einverstanden, und zwar in dem aus der Website\u00a0<a href=\"http:\/\/www.yatego.com\/outbound\/?cl=outbound&amp;sid=08Y1302772500Y1b8f46f4f68566df43&amp;target=dWdnYzovL2pqai5ucXFndXZmLnBieg%3D%3D\" target=\"_blank\" rel=\"noreferrer noopener\">www.addthis.com<\/a>\u00a0ersichtlichen Umfang. Sie k\u00f6nnen der Nutzung Ihrer Daten jederzeit durch Einsatz eines \u201eOpt Out Cookies\u201c widersprechen. N\u00e4heres hierzu ergibt sich ebenfalls aus der vorgenannten Website der Add This LLC.<\/p>\n\n\n\n<p><strong>Facebook<\/strong><br>Unser Internetauftritt verwendet Social Plugins (\u201cPlugins\u201d) des sozialen Netzwerkes facebook.com, welches von der Facebook Inc., 1601 S. California Ave, Palo Alto, CA 94304, USA betrieben wird (\u201cFacebook\u201d). Die Plugins sind an einem der Facebook Logos erkennbar (wei\u00dfes \u201ef\u201c auf blauer Kachel oder ein \u201eDaumen hoch\u201c-Zeichen) oder sind mit dem Zusatz \u201cFacebook Social Plugin\u201d gekennzeichnet. Die Liste und das Aussehen der Facebook Social Plugins kann hier eingesehen werden:&nbsp;<a href=\"http:\/\/developers.facebook.com\/plugins\">http:\/\/developers.facebook.com\/plugins<\/a>.<\/p>\n\n\n\n<p>Wenn Sie eine Webseite unseres Internetauftritts aufrufen, die ein solches Plugin enth\u00e4lt, baut Ihr Browser eine direkte Verbindung mit den Servern von Facebook auf. Der Inhalt des Plugins wird von Facebook direkt an Ihren Browser \u00fcbermittelt und von diesem in die Webseite eingebunden. Wir haben daher keinen Einfluss auf den Umfang der Daten, die Facebook mit Hilfe dieses Plugins erhebt und informieren Sie daher entsprechend unserem&nbsp;<a href=\"http:\/\/www.facebook.com\/help\/?faq=17512\">Kenntnisstand<\/a>:<\/p>\n\n\n\n<p>Durch die Einbindung der Plugins erh\u00e4lt Facebook die Information, dass Sie die entsprechende Seite unseres Internetauftritts aufgerufen haben. Sind Sie bei Facebook eingeloggt, kann Facebook den Besuch Ihrem Facebook-Konto zuordnen. Wenn Sie mit den Plugins interagieren, zum Beispiel den Like Button bet\u00e4tigen oder einen Kommentar abgeben, wird die entsprechende Information von Ihrem Browser direkt an Facebook \u00fcbermittelt und dort gespeichert. Falls Sie kein Mitglied von Facebook sind, besteht trotzdem die M\u00f6glichkeit, dass Facebook Ihre IP-Adresse in Erfahrung bringt und speichert.<\/p>\n\n\n\n<p>Zweck und Umfang der Datenerhebung und die weitere Verarbeitung und Nutzung der Daten durch Facebook sowie Ihre diesbez\u00fcglichen Rechte und Einstellungsm\u00f6glichkeiten zum Schutz Ihrer Privatssph\u00e4re entnehmen Sie bitte den Datenschutzhinweisen von Facebook:&nbsp;<a href=\"http:\/\/www.facebook.com\/policy.php\">http:\/\/www.facebook.com\/policy.php<\/a>.<\/p>\n\n\n\n<p>Wenn Sie Facebookmitglied sind und nicht m\u00f6chten, dass Facebook \u00fcber unseren Internetauftritt Daten \u00fcber Sie sammelt und mit Ihren bei Facebook gespeicherten Mitgliedsdaten verkn\u00fcpft, m\u00fcssen Sie sich vor Ihrem Besuch unseres Internetauftritts bei Facebook ausloggen.<\/p>\n\n\n\n<p>Ebenfalls ist es m\u00f6glich Facebook-Social-Plugins mit Add-ons f\u00fcr Ihren Browser zu blocken, zum Beispiel mit dem \u201c<a href=\"http:\/\/webgraph.com\/resources\/facebookblocker\/\">Facebook Blocker<\/a>\u201c.<\/p>\n\n\n\n<p>Quelle:&nbsp;<a href=\"http:\/\/www.born-propeller.de\/de\/Propeller\/Datenschutz\/%E2%80%9Dhttp:\/\/spreerecht.de\/datenschutz\/2010-10\/das-rechtliche-risiko-bei-facebooks-like-button-inkl-muster-fuer-die-datenschutzerklaerung%E2%80%9C\">Muster von SCHWENKE &amp; DRAMBURG \u2013 spreerecht.de<\/a><\/p>\n\n\n\n<p><strong>Google +1<\/strong><br>Unser Internetauftritt verwendet die \u201c+1\u2033-Schaltfl\u00e4che des sozialen Netzwerkes Google Plus, welches von der Google Inc., 1600 Amphitheatre Parkway, Mountain View, CA 94043, United States betrieben wird (\u201cGoogle\u201d). Der Button ist an dem Zeichen \u201c+1\u2033 auf wei\u00dfem oder farbigen Hintergrund erkennbar.<\/p>\n\n\n\n<p>Wenn Sie eine Webseite unseres Internetauftritts aufrufen, die eine solche Schaltfl\u00e4che enth\u00e4lt, baut Ihr Browser eine direkte Verbindung mit den Servern von Google auf. Der Inhalt der \u201c+1\u2033-Schaltfl\u00e4che wird von Google direkt an Ihren Browser \u00fcbermittelt und von diesem in die Webseite eingebunden. Wir haben daher keinen Einfluss auf den Umfang der Daten, die Google mit der Schaltfl\u00e4che erhebt, gehen jedoch davon aus, dass Ihre IP-Adresse mit erfasst wird.<\/p>\n\n\n\n<p>Zweck und Umfang der Datenerhebung und die weitere Verarbeitung und Nutzung der Daten durch Google sowie Ihre diesbez\u00fcglichen Rechte und Einstellungsm\u00f6glichkeiten zum Schutz Ihrer Privatsph\u00e4re entnehmen Sie bitte Googles Datenschutzhinweisen zu der \u201c+1\u2033-Schaltfl\u00e4che:&nbsp;<a href=\"http:\/\/www.google.com\/intl\/de\/+\/policy\/+1button.html\">http:\/\/www.google.com\/intl\/de\/+\/policy\/+1button.html<\/a><\/p>\n\n\n\n<p>Wenn Sie Google Plus-Mitglied sind und nicht m\u00f6chten, dass Google \u00fcber unseren Internetauftritt Daten \u00fcber Sie sammelt und mit Ihren bei Google gespeicherten Mitgliedsdaten verkn\u00fcpft, m\u00fcssen Sie sich vor Ihrem Besuch unseres Internetauftritts bei Google Plus ausloggen.<\/p>\n\n\n\n<p>Quelle:&nbsp;<a href=\"http:\/\/spreerecht.de\/google-plus\/2011-07\/das-rechtliche-risiko-bei-googles-1-button-inkl-muster-fuer-die-datenschutzerklaerung\">Muster von SCHWENKE &amp; DRAMBURG \u2013 spreerecht.de<\/a><\/p>\n","protected":false},"excerpt":{"rendered":"<p>Wir verwenden Ihre Bestandsdaten ausschlie\u00dflich zur Abwicklung Ihrer Bestellung. Unsere Datenschutzpraxis steht im Einklang mit dem Bundesdatenschutzgesetz (BDSG) sowie dem Telemediengesetz (TMG). Sie haben jederzeit ein Recht auf kostenlose Auskunft,<\/p>\n","protected":false},"author":1,"featured_media":0,"parent":11580,"menu_order":0,"comment_status":"closed","ping_status":"closed","template":"","meta":{"agni_page_title_hide":"","agni_page_title_align":"","agni_page_margin_remove":"","agni_page_bg_color":"","agni_page_bg_gradient":"","agni_page_header_source":"","agni_page_header_choice":"","agni_footer_block_id":"","agni_page_sidebar_choice":"","agni_slider_id":"","agni_product_layout_choice":"","footnotes":""},"class_list":["post-11535","page","type-page","status-publish","hentry"],"_links":{"self":[{"href":"https:\/\/born.ro\/hornfertigung-seit-1978\/wp-json\/wp\/v2\/pages\/11535","targetHints":{"allow":["GET"]}}],"collection":[{"href":"https:\/\/born.ro\/hornfertigung-seit-1978\/wp-json\/wp\/v2\/pages"}],"about":[{"href":"https:\/\/born.ro\/hornfertigung-seit-1978\/wp-json\/wp\/v2\/types\/page"}],"author":[{"embeddable":true,"href":"https:\/\/born.ro\/hornfertigung-seit-1978\/wp-json\/wp\/v2\/users\/1"}],"replies":[{"embeddable":true,"href":"https:\/\/born.ro\/hornfertigung-seit-1978\/wp-json\/wp\/v2\/comments?post=11535"}],"version-history":[{"count":2,"href":"https:\/\/born.ro\/hornfertigung-seit-1978\/wp-json\/wp\/v2\/pages\/11535\/revisions"}],"predecessor-version":[{"id":11605,"href":"https:\/\/born.ro\/hornfertigung-seit-1978\/wp-json\/wp\/v2\/pages\/11535\/revisions\/11605"}],"up":[{"embeddable":true,"href":"https:\/\/born.ro\/hornfertigung-seit-1978\/wp-json\/wp\/v2\/pages\/11580"}],"wp:attachment":[{"href":"https:\/\/born.ro\/hornfertigung-seit-1978\/wp-json\/wp\/v2\/media?parent=11535"}],"curies":[{"name":"wp","href":"https:\/\/api.w.org\/{rel}","templated":true}]}}