{"id":11539,"date":"2025-07-05T09:14:47","date_gmt":"2025-07-05T06:14:47","guid":{"rendered":"https:\/\/staging.born.ro\/?page_id=11539"},"modified":"2025-09-11T08:02:45","modified_gmt":"2025-09-11T05:02:45","slug":"widerrufsrecht","status":"publish","type":"page","link":"https:\/\/born.ro\/hornfertigung-seit-1978\/info\/widerrufsrecht\/","title":{"rendered":"Widerrufsrecht"},"content":{"rendered":"\n<p><strong>R\u00fcckgabebelehrung<\/strong><br><br>R\u00fcckgaberecht<br><br>Sie k\u00f6nnen die erhaltene Ware ohne Angabe von Gr\u00fcnden innerhalb von zwei Wochen durch R\u00fccksendung der Ware zur\u00fcckgeben. Die Frist beginnt fr\u00fchestens mit Erhalt der Ware und dieser Belehrung in Textform. Nur bei nicht paketversandf\u00e4higer Ware (z. B. bei sperrigen G\u00fctern) k\u00f6nnen Sie die R\u00fcckgabe auch durch R\u00fccknahmeverlangen in Textform, also z. B. per Brief, Fax oder E-Mail erkl\u00e4ren. Zur Wahrung der Frist gen\u00fcgt die rechtzeitige Absendung der Ware oder des R\u00fccknahmeverlangens. In jedem Falle erfolgt die R\u00fccksendung auf Ihre Kosten und Gefahr.\u00a0<strong>Ware die f\u00fcr Sie angefertigt wurde, keine Lagerware, ist von der R\u00fcckgabe ausgeschlossen. Bei unbenutzter R\u00fcckgabe tragen Sie in jedem Fall die Transportkosten.\u00a0<\/strong>Die R\u00fccksendung oder das R\u00fccknahmeverlangen hat zu erfolgen an: SC Born Propeller S.R.L., Viisoara 40, RO-420006 Bistrita, Rum\u00e4nien, E-Mail: walterborn@web.de.<br><br>R\u00fcckgabefolgen<br><br>Im Falle einer wirksamen R\u00fcckgabe sind die beiderseits empfangenen Leistungen zur\u00fcckzugew\u00e4hren und ggf. gezogene Nutzungen (z. B. Gebrauchsvorteile) herauszugeben. Bei einer Verschlechterung der Ware kann Wertersatz verlangt werden. Dies gilt nicht, wenn die Verschlechterung der Ware ausschlie\u00dflich auf deren Pr\u00fcfung &#8211; wie sie Ihnen etwa im Ladengesch\u00e4ft m\u00f6glich gewesen w\u00e4re &#8211; zur\u00fcckzuf\u00fchren ist. Im \u00dcbrigen k\u00f6nnen Sie die Wertersatzpflicht vermeiden, indem Sie die Ware nicht wie ein Eigent\u00fcmer in Gebrauch nehmen und alles unterlassen, was deren Wert beeintr\u00e4chtigt.<br><br><strong>Ausgeschlossen von der R\u00fccksendung sind:<\/strong><br><br>&#8211;\u00a0<strong>Waren, die nach Kundenspezifikation angefertigt werden<\/strong>\u00a0oder eindeutig auf die pers\u00f6nlichen Bed\u00fcrfnisse zugeschnitten sind oder die auf Grund ihrer Beschaffenheit nicht f\u00fcr eine R\u00fccksendung geeignet sind oder schnell verderben k\u00f6nnen oder deren Verfallsdatum \u00fcberschritten w\u00fcrde,<\/p>\n\n\n\n<p>Ihre SC Born Propeller S.R.L.<br><br><strong>Gew\u00e4hrleistung<\/strong><br>Die Gew\u00e4hrleistung erfolgt nach den gesetzlichen Bestimmungen, wobei wir berechtigt sind, im Falle eines Mangels der Ware nach Ihrer Wahl nachzuliefern oder nachzubessern.<br><br>Schl\u00e4gt die Nachbesserung endg\u00fcltig fehl oder ist die nachgelieferte Ware ebenfalls mangelbehaftet, so k\u00f6nnen Sie R\u00fcckgabe der Ware gegen R\u00fcckerstattung des vereinbarten Preises oder Herabsetzung des Kaufpreises verlangen. Informationen \u00fcber eventuelle Herstellergarantien entnehmen Sie bitte der Produktdokumentation.<br><br><strong>Sonstiges<\/strong><br>Bis zur vollst\u00e4ndigen Bezahlung bleibt die gelieferte Ware unser uneingeschr\u00e4nktes Eigentum.<br><br>Ihre Bestellungen werden bei uns gespeichert. Sollten Sie Ihre Unterlagen zu Ihren Bestellungen verlieren, wenden Sie sich bitte per EMail\/Fax\/Telefon an uns. Wir senden Ihnen eine Kopie der Daten Ihrer Bestellung gerne zu.<\/p>\n\n\n\n<h2 class=\"wp-block-heading\"><\/h2>\n\n\n\n<p><br><strong>Anbieterkennzeichnung:<\/strong><br><br><strong>SC<\/strong><strong>&nbsp;<\/strong><strong>B<\/strong><strong>o<\/strong><strong>rn<\/strong><strong>&nbsp;<\/strong><strong>Propeller&nbsp;<\/strong><strong>S<\/strong><strong>.R<\/strong><strong>.<\/strong><strong>L<\/strong><strong>.<\/strong><br>Viisoara&nbsp;40<br>RO-420006&nbsp;Bistrita<br>E-Mail:&nbsp;bitte&nbsp;verwenden&nbsp;Sie&nbsp;das&nbsp;Formular&nbsp;unter Kontakt<\/p>\n","protected":false},"excerpt":{"rendered":"<p>R\u00fcckgabebelehrung R\u00fcckgaberecht Sie k\u00f6nnen die erhaltene Ware ohne Angabe von Gr\u00fcnden innerhalb von zwei Wochen durch R\u00fccksendung der Ware zur\u00fcckgeben. Die Frist beginnt fr\u00fchestens mit Erhalt der Ware und dieser<\/p>\n","protected":false},"author":1,"featured_media":0,"parent":11580,"menu_order":0,"comment_status":"closed","ping_status":"closed","template":"","meta":{"agni_page_title_hide":"","agni_page_title_align":"","agni_page_margin_remove":"","agni_page_bg_color":"","agni_page_bg_gradient":"","agni_page_header_source":"","agni_page_header_choice":"","agni_footer_block_id":"","agni_page_sidebar_choice":"","agni_slider_id":"","agni_product_layout_choice":"","footnotes":""},"class_list":["post-11539","page","type-page","status-publish","hentry"],"_links":{"self":[{"href":"https:\/\/born.ro\/hornfertigung-seit-1978\/wp-json\/wp\/v2\/pages\/11539","targetHints":{"allow":["GET"]}}],"collection":[{"href":"https:\/\/born.ro\/hornfertigung-seit-1978\/wp-json\/wp\/v2\/pages"}],"about":[{"href":"https:\/\/born.ro\/hornfertigung-seit-1978\/wp-json\/wp\/v2\/types\/page"}],"author":[{"embeddable":true,"href":"https:\/\/born.ro\/hornfertigung-seit-1978\/wp-json\/wp\/v2\/users\/1"}],"replies":[{"embeddable":true,"href":"https:\/\/born.ro\/hornfertigung-seit-1978\/wp-json\/wp\/v2\/comments?post=11539"}],"version-history":[{"count":1,"href":"https:\/\/born.ro\/hornfertigung-seit-1978\/wp-json\/wp\/v2\/pages\/11539\/revisions"}],"predecessor-version":[{"id":11540,"href":"https:\/\/born.ro\/hornfertigung-seit-1978\/wp-json\/wp\/v2\/pages\/11539\/revisions\/11540"}],"up":[{"embeddable":true,"href":"https:\/\/born.ro\/hornfertigung-seit-1978\/wp-json\/wp\/v2\/pages\/11580"}],"wp:attachment":[{"href":"https:\/\/born.ro\/hornfertigung-seit-1978\/wp-json\/wp\/v2\/media?parent=11539"}],"curies":[{"name":"wp","href":"https:\/\/api.w.org\/{rel}","templated":true}]}}