{"id":12470,"date":"2025-08-12T11:29:26","date_gmt":"2025-08-12T08:29:26","guid":{"rendered":"https:\/\/newshop.born.ro\/?post_type=product&#038;p=12470"},"modified":"2025-08-13T09:42:08","modified_gmt":"2025-08-13T06:42:08","slug":"jabo-kh-72","status":"publish","type":"product","link":"https:\/\/born.ro\/hornfertigung-seit-1978\/product\/jabo-kh-72\/","title":{"rendered":"JABO KH-72"},"content":{"rendered":"<p>Cut Off Frequenz 200 Hz, hervorragendes Rundstrahlverhalten<br \/>Material: GFK &#8211; Polyesterguss weiss matt mit Grundbeschichtung\u00a0 keine zus\u00e4tzliche Beschichtung notwendig.<br \/>auf Wunsch ist die Lackierung in jeder RAL-Farbe m\u00f6glich<br \/>2&#8243; Adapter, passend f\u00fcr alle\u00a0 2 Zoll Treiber<br \/>Abmessungen: 72 cm Durchmesser, L\u00e4nge 64 cm mit Adapter<br \/>ganz neues Horn-H\u00f6rvergn\u00fcgen ohne jede Richtwirkung im Mitteltonbereich und ohne Klangverf\u00e4rbungen. wunderbar auch bei klassischer Musik.<br \/>Resonanzfrei \u00fcber den gesamten \u00dcbertragungsbereich ! Mittel\/Hochtonhorn unseres Traumlautsprechers &#8220; AOS Eckhorn State of the Art&#8220;: Realisierung eines Punktstrahlers von 250 &#8211; 20000 Hz , im Bassbereich unterst\u00fctzt durch ein Bass-Eckhorn nach Klipsch!<\/p>\n","protected":false},"excerpt":{"rendered":"<p>Kugelwellenhorn 72cm Durchmesser<\/p>\n","protected":false},"featured_media":12473,"template":"","meta":{"agni_page_title_hide":"","agni_page_title_align":"","agni_page_margin_remove":"","agni_page_bg_color":"","agni_page_bg_gradient":"","agni_page_header_source":"","agni_page_header_choice":"","agni_footer_block_id":"","agni_page_sidebar_choice":"","agni_slider_id":"","agni_product_layout_choice":""},"product_brand":[],"product_cat":[104],"product_tag":[],"class_list":{"0":"post-12470","1":"product","2":"type-product","3":"status-publish","4":"has-post-thumbnail","6":"product_cat-original-jabo","8":"first","9":"instock","10":"taxable","11":"shipping-taxable","12":"purchasable","13":"product-type-variable","14":"has-default-attributes"},"_links":{"self":[{"href":"https:\/\/born.ro\/hornfertigung-seit-1978\/wp-json\/wp\/v2\/product\/12470","targetHints":{"allow":["GET"]}}],"collection":[{"href":"https:\/\/born.ro\/hornfertigung-seit-1978\/wp-json\/wp\/v2\/product"}],"about":[{"href":"https:\/\/born.ro\/hornfertigung-seit-1978\/wp-json\/wp\/v2\/types\/product"}],"wp:featuredmedia":[{"embeddable":true,"href":"https:\/\/born.ro\/hornfertigung-seit-1978\/wp-json\/wp\/v2\/media\/12473"}],"wp:attachment":[{"href":"https:\/\/born.ro\/hornfertigung-seit-1978\/wp-json\/wp\/v2\/media?parent=12470"}],"wp:term":[{"taxonomy":"product_brand","embeddable":true,"href":"https:\/\/born.ro\/hornfertigung-seit-1978\/wp-json\/wp\/v2\/product_brand?post=12470"},{"taxonomy":"product_cat","embeddable":true,"href":"https:\/\/born.ro\/hornfertigung-seit-1978\/wp-json\/wp\/v2\/product_cat?post=12470"},{"taxonomy":"product_tag","embeddable":true,"href":"https:\/\/born.ro\/hornfertigung-seit-1978\/wp-json\/wp\/v2\/product_tag?post=12470"}],"curies":[{"name":"wp","href":"https:\/\/api.w.org\/{rel}","templated":true}]}}