{"id":12571,"date":"2025-08-12T15:38:18","date_gmt":"2025-08-12T12:38:18","guid":{"rendered":"https:\/\/newshop.born.ro\/?post_type=product&#038;p=12571"},"modified":"2026-04-01T18:29:03","modified_gmt":"2026-04-01T15:29:03","slug":"test","status":"publish","type":"product","link":"https:\/\/born.ro\/hornfertigung-seit-1978\/product\/test\/","title":{"rendered":"Jabo 25-30-53-57-60-72-95cm Hybrid teils Faserverst\u00e4rkt"},"content":{"rendered":"","protected":false},"excerpt":{"rendered":"<p>Diese H\u00f6rner verbinden die Klangtreue unserer Jabo H\u00f6rner mit der Flexibilit\u00e4t von 3D Druck. Die gr\u00f6\u00dferen H\u00f6rner werden  mit Epoxy-Faserverbund in Hybridbauweise hergestellt. Oberfl\u00e4che teils roh, teils grundiert. Lackiert in Wunschfarbe gegen Aufpreis bitte anfragen<\/p>\n","protected":false},"featured_media":12566,"template":"","meta":{"agni_page_title_hide":"","agni_page_title_align":"","agni_page_margin_remove":"","agni_page_bg_color":"","agni_page_bg_gradient":"","agni_page_header_source":"","agni_page_header_choice":"","agni_footer_block_id":"","agni_page_sidebar_choice":"","agni_slider_id":"","agni_product_layout_choice":""},"product_brand":[],"product_cat":[105],"product_tag":[],"class_list":{"0":"post-12571","1":"product","2":"type-product","3":"status-publish","4":"has-post-thumbnail","6":"product_cat-hybrid-3d","8":"first","9":"instock","10":"taxable","11":"shipping-taxable","12":"purchasable","13":"product-type-variable","14":"has-default-attributes"},"_links":{"self":[{"href":"https:\/\/born.ro\/hornfertigung-seit-1978\/wp-json\/wp\/v2\/product\/12571","targetHints":{"allow":["GET"]}}],"collection":[{"href":"https:\/\/born.ro\/hornfertigung-seit-1978\/wp-json\/wp\/v2\/product"}],"about":[{"href":"https:\/\/born.ro\/hornfertigung-seit-1978\/wp-json\/wp\/v2\/types\/product"}],"wp:featuredmedia":[{"embeddable":true,"href":"https:\/\/born.ro\/hornfertigung-seit-1978\/wp-json\/wp\/v2\/media\/12566"}],"wp:attachment":[{"href":"https:\/\/born.ro\/hornfertigung-seit-1978\/wp-json\/wp\/v2\/media?parent=12571"}],"wp:term":[{"taxonomy":"product_brand","embeddable":true,"href":"https:\/\/born.ro\/hornfertigung-seit-1978\/wp-json\/wp\/v2\/product_brand?post=12571"},{"taxonomy":"product_cat","embeddable":true,"href":"https:\/\/born.ro\/hornfertigung-seit-1978\/wp-json\/wp\/v2\/product_cat?post=12571"},{"taxonomy":"product_tag","embeddable":true,"href":"https:\/\/born.ro\/hornfertigung-seit-1978\/wp-json\/wp\/v2\/product_tag?post=12571"}],"curies":[{"name":"wp","href":"https:\/\/api.w.org\/{rel}","templated":true}]}}